{"id":103,"date":"2020-04-07T11:05:35","date_gmt":"2020-04-07T11:05:35","guid":{"rendered":"https:\/\/ecs.homedns.org\/wordpress\/?page_id=103"},"modified":"2025-08-23T10:39:26","modified_gmt":"2025-08-23T08:39:26","slug":"electrodetour","status":"publish","type":"page","link":"https:\/\/edt.blogdns.net\/wordpress\/","title":{"rendered":""},"content":{"rendered":"\n<p class=\"has-medium-font-size\" style=\"font-style:normal;font-weight:600\">Bienvenue,<\/p>\n\n\n\n<p>Ce site est un endroit ou l&rsquo;on tente de partager des connaissances sur l&rsquo;utilisation de quelques appareils et services  que l&rsquo;on utilise quotidiennement. Tous ont un lien avec l&rsquo;\u00e9lectronique et l&rsquo;informatique .  <\/p>\n\n\n<div class=\"wp-block-image\">\n<figure class=\"aligncenter size-large is-resized\"><img data-recalc-dims=\"1\" loading=\"lazy\" decoding=\"async\" width=\"840\" height=\"472\" src=\"https:\/\/i0.wp.com\/edt.blogdns.net\/wordpress\/wp-content\/uploads\/2022\/12\/Z502566-edited-scaled.jpg?resize=840%2C472&#038;ssl=1\" alt=\"\" class=\"wp-image-935\" style=\"width:433px;height:244px\" srcset=\"https:\/\/i0.wp.com\/edt.blogdns.net\/wordpress\/wp-content\/uploads\/2022\/12\/Z502566-edited-scaled.jpg?w=2560&amp;ssl=1 2560w, https:\/\/i0.wp.com\/edt.blogdns.net\/wordpress\/wp-content\/uploads\/2022\/12\/Z502566-edited-scaled.jpg?resize=300%2C169&amp;ssl=1 300w, https:\/\/i0.wp.com\/edt.blogdns.net\/wordpress\/wp-content\/uploads\/2022\/12\/Z502566-edited-scaled.jpg?resize=1024%2C576&amp;ssl=1 1024w, https:\/\/i0.wp.com\/edt.blogdns.net\/wordpress\/wp-content\/uploads\/2022\/12\/Z502566-edited-scaled.jpg?resize=768%2C432&amp;ssl=1 768w, https:\/\/i0.wp.com\/edt.blogdns.net\/wordpress\/wp-content\/uploads\/2022\/12\/Z502566-edited-scaled.jpg?resize=1536%2C864&amp;ssl=1 1536w, https:\/\/i0.wp.com\/edt.blogdns.net\/wordpress\/wp-content\/uploads\/2022\/12\/Z502566-edited-scaled.jpg?resize=2048%2C1152&amp;ssl=1 2048w, https:\/\/i0.wp.com\/edt.blogdns.net\/wordpress\/wp-content\/uploads\/2022\/12\/Z502566-edited-scaled.jpg?resize=1200%2C675&amp;ssl=1 1200w, https:\/\/i0.wp.com\/edt.blogdns.net\/wordpress\/wp-content\/uploads\/2022\/12\/Z502566-edited-scaled.jpg?w=1680&amp;ssl=1 1680w\" sizes=\"auto, (max-width: 709px) 85vw, (max-width: 909px) 67vw, (max-width: 1362px) 62vw, 840px\" \/><\/figure>\n<\/div>\n\n\n<p>Les sujets vont de l&rsquo;utilisation d&rsquo;un terminal (ligne de commande), \u00e0 la photographie, au post-traitement des  photos num\u00e9riques en passant par la remise en utilisation de vieux \u00e9quipements, les applications multim\u00e9dia ou les r\u00e9seaux locaux&#8230;  <\/p>\n\n\n\n<ul class=\"wp-block-social-links is-layout-flex wp-block-social-links-is-layout-flex\"><\/ul>\n","protected":false},"excerpt":{"rendered":"<p>Bienvenue, Ce site est un endroit ou l&rsquo;on tente de partager des connaissances sur l&rsquo;utilisation de quelques appareils et services que l&rsquo;on utilise quotidiennement. Tous ont un lien avec l&rsquo;\u00e9lectronique et l&rsquo;informatique . Les sujets vont de l&rsquo;utilisation d&rsquo;un terminal (ligne de commande), \u00e0 la photographie, au post-traitement des photos num\u00e9riques en passant par la &hellip; <a href=\"https:\/\/edt.blogdns.net\/wordpress\/\" class=\"more-link\">Continuer la lecture<span class=\"screen-reader-text\"> de &laquo;&nbsp;&nbsp;&raquo;<\/span><\/a><\/p>\n","protected":false},"author":1,"featured_media":0,"parent":0,"menu_order":0,"comment_status":"closed","ping_status":"closed","template":"","meta":{"_uag_custom_page_level_css":"","footnotes":""},"class_list":["post-103","page","type-page","status-publish","hentry"],"uagb_featured_image_src":{"full":false,"thumbnail":false,"medium":false,"medium_large":false,"large":false,"1536x1536":false,"2048x2048":false,"post-thumbnail":false},"uagb_author_info":{"display_name":"marc","author_link":"https:\/\/edt.blogdns.net\/wordpress\/author\/marc_taviaux\/"},"uagb_comment_info":0,"uagb_excerpt":"Bienvenue, Ce site est un endroit ou l&rsquo;on tente de partager des connaissances sur l&rsquo;utilisation de quelques appareils et services que l&rsquo;on utilise quotidiennement. Tous ont un lien avec l&rsquo;\u00e9lectronique et l&rsquo;informatique . Les sujets vont de l&rsquo;utilisation d&rsquo;un terminal (ligne de commande), \u00e0 la photographie, au post-traitement des photos num\u00e9riques en passant par la\u2026","_links":{"self":[{"href":"https:\/\/edt.blogdns.net\/wordpress\/wp-json\/wp\/v2\/pages\/103","targetHints":{"allow":["GET"]}}],"collection":[{"href":"https:\/\/edt.blogdns.net\/wordpress\/wp-json\/wp\/v2\/pages"}],"about":[{"href":"https:\/\/edt.blogdns.net\/wordpress\/wp-json\/wp\/v2\/types\/page"}],"author":[{"embeddable":true,"href":"https:\/\/edt.blogdns.net\/wordpress\/wp-json\/wp\/v2\/users\/1"}],"replies":[{"embeddable":true,"href":"https:\/\/edt.blogdns.net\/wordpress\/wp-json\/wp\/v2\/comments?post=103"}],"version-history":[{"count":13,"href":"https:\/\/edt.blogdns.net\/wordpress\/wp-json\/wp\/v2\/pages\/103\/revisions"}],"predecessor-version":[{"id":1320,"href":"https:\/\/edt.blogdns.net\/wordpress\/wp-json\/wp\/v2\/pages\/103\/revisions\/1320"}],"wp:attachment":[{"href":"https:\/\/edt.blogdns.net\/wordpress\/wp-json\/wp\/v2\/media?parent=103"}],"curies":[{"name":"wp","href":"https:\/\/api.w.org\/{rel}","templated":true}]}}